{"id":33,"date":"2013-08-28T15:25:55","date_gmt":"2013-08-28T13:25:55","guid":{"rendered":"http:\/\/silentwar.ct8.pl\/?page_id=33"},"modified":"2025-10-16T08:31:53","modified_gmt":"2025-10-16T06:31:53","slug":"fabula","status":"publish","type":"page","link":"https:\/\/silentwar.ct8.pl\/?page_id=33","title":{"rendered":"Fabu\u0142a (SW:ZB)"},"content":{"rendered":"\n<figure class=\"wp-block-image aligncenter\"><img loading=\"lazy\" decoding=\"async\" width=\"247\" height=\"180\" src=\"https:\/\/silentwar.ct8.pl\/wp-content\/uploads\/2014\/10\/silentwar_medium1.png\" alt=\"silentwar_medium1\" class=\"wp-image-365\"\/><\/figure>\n\n\n\n<figure class=\"wp-block-embed is-type-video is-provider-youtube wp-block-embed-youtube wp-embed-aspect-16-9 wp-has-aspect-ratio\"><div class=\"wp-block-embed__wrapper\">\n<iframe loading=\"lazy\" title=\"OFP: &quot;SILENT WAR - fabu\u0142a&quot;\" width=\"605\" height=\"340\" src=\"https:\/\/www.youtube.com\/embed\/lCMSF_AWtZo?feature=oembed\" frameborder=\"0\" allow=\"accelerometer; autoplay; clipboard-write; encrypted-media; gyroscope; picture-in-picture; web-share\" referrerpolicy=\"strict-origin-when-cross-origin\" allowfullscreen><\/iframe>\n<\/div><\/figure>\n\n\n\n<blockquote class=\"wp-block-quote is-layout-flow wp-block-quote-is-layout-flow\">\n<p>Obfite opady deszczu sprawi\u0142y, \u017ce rzeka zmieni\u0142a bieg, zagarniaj\u0105c kilka polskich wiosek i spor\u0105 cz\u0119\u015b\u0107 terytorium pa\u0144stwa polskiego. W mediach \u017cartuje si\u0119 o czwartym rozbiorze RP. Jednak pewnego spokojnego deszczowego dnia oddzia\u0142 polskich \u017co\u0142nierzy, wys\u0142any do usuwania skutk\u00f3w powodzi, zosta\u0142 niespodziewanie zaatakowany od wschodniej strony Bugu przez niezidentyfikowane jednostki wojskowe.<\/p>\n\n\n\n<p class=\"has-text-align-right\">CD-Action, 10\/2002<\/p>\n<\/blockquote>\n","protected":false},"excerpt":{"rendered":"<p>Obfite opady deszczu sprawi\u0142y, \u017ce rzeka zmieni\u0142a bieg, zagarniaj\u0105c kilka polskich wiosek i spor\u0105 cz\u0119\u015b\u0107 terytorium pa\u0144stwa polskiego. W mediach \u017cartuje si\u0119 o czwartym rozbiorze RP. Jednak pewnego spokojnego deszczowego dnia oddzia\u0142 polskich \u017co\u0142nierzy, wys\u0142any do usuwania skutk\u00f3w powodzi, zosta\u0142 &hellip;<\/p>\n<p class=\"read-more\"> <a class=\"more-link\" href=\"https:\/\/silentwar.ct8.pl\/?page_id=33\"> <span class=\"screen-reader-text\">Fabu\u0142a (SW:ZB)<\/span> Read More &raquo;<\/a><\/p>\n","protected":false},"author":1,"featured_media":0,"parent":0,"menu_order":1,"comment_status":"closed","ping_status":"open","template":"","meta":{"footnotes":""},"class_list":["post-33","page","type-page","status-publish","hentry"],"_links":{"self":[{"href":"https:\/\/silentwar.ct8.pl\/index.php?rest_route=\/wp\/v2\/pages\/33","targetHints":{"allow":["GET"]}}],"collection":[{"href":"https:\/\/silentwar.ct8.pl\/index.php?rest_route=\/wp\/v2\/pages"}],"about":[{"href":"https:\/\/silentwar.ct8.pl\/index.php?rest_route=\/wp\/v2\/types\/page"}],"author":[{"embeddable":true,"href":"https:\/\/silentwar.ct8.pl\/index.php?rest_route=\/wp\/v2\/users\/1"}],"replies":[{"embeddable":true,"href":"https:\/\/silentwar.ct8.pl\/index.php?rest_route=%2Fwp%2Fv2%2Fcomments&post=33"}],"version-history":[{"count":14,"href":"https:\/\/silentwar.ct8.pl\/index.php?rest_route=\/wp\/v2\/pages\/33\/revisions"}],"predecessor-version":[{"id":1477,"href":"https:\/\/silentwar.ct8.pl\/index.php?rest_route=\/wp\/v2\/pages\/33\/revisions\/1477"}],"wp:attachment":[{"href":"https:\/\/silentwar.ct8.pl\/index.php?rest_route=%2Fwp%2Fv2%2Fmedia&parent=33"}],"curies":[{"name":"wp","href":"https:\/\/api.w.org\/{rel}","templated":true}]}}